{"id":315009,"date":"2024-09-06T20:33:00","date_gmt":"2024-09-06T18:33:00","guid":{"rendered":"https:\/\/www.ouiscribe.com\/?page_id=315009"},"modified":"2025-06-11T14:19:58","modified_gmt":"2025-06-11T12:19:58","slug":"plan-du-site-ouiscribe","status":"publish","type":"page","link":"https:\/\/www.ouiscribe.com\/en\/plan-du-site-ouiscribe\/","title":{"rendered":"Plan du site &#8211; Ouiscribe"},"content":{"rendered":"<div class=\"brz-root__container brz-reset-all brz brz-root__container-page\">\n<section id=\"_nEsH04lHS2F8\" class=\"brz-section brz-section__header brz-css-7lgsq2\">\n<div class=\"brz-section__menu-item brz-css-179z8y0 brz-css-19om4s8\" data-brz-custom-id=\"fAdH9Taphf8A\">\n<div class=\"brz-bg\">\n<div class=\"brz-bg-color\"><\/div>\n<\/div>\n<div class=\"brz-container brz-css-11kt8c7\">\n<div class=\"brz-row__container brz-css-1gvfqvx\" data-brz-custom-id=\"jvPVTNKB6sST\">\n<div class=\"brz-bg\"><\/div>\n<div class=\"brz-row brz-css-156c7fp brz-css-z4vysq\">\n<div class=\"brz-columns brz-css-vuoxo4 brz-css-1naobjk\" data-brz-custom-id=\"jwCnzrXHl9cI\">\n<div class=\"brz-bg\"><\/div>\n<div class=\"brz-column__items brz-css-1khlkrz brz-css-7reasg\">\n<div id=\"\" class=\"brz-css-673ks6 brz-css-1pii21e brz-wrapper\">\n<div class=\"brz-image brz-css-yjffpt\" data-brz-custom-id=\"dujdLlesefdj\"><a class=\"brz-a\" href=\"https:\/\/www.ouiscribe.com\/en\/\" target=\"_self\" rel=\"noopener\" data-brz-link-type=\"external\"><img decoding=\"async\" class=\"brz-img brz-img-svg\" src=\"https:\/\/www.ouiscribe.com\/wp-content\/uploads\/2023\/07\/Ouiscribe-logo.svg\" alt=\"\" loading=\"lazy\"><\/a><\/div>\n<\/div>\n<\/div>\n<\/div>\n<div class=\"brz-columns brz-css-vuoxo4 brz-css-19tzp6n\" data-brz-custom-id=\"tlYXmRsEihMz\">\n<div class=\"brz-bg\"><\/div>\n<div class=\"brz-column__items brz-css-1khlkrz brz-css-3ucrju\">\n<div id=\"\" class=\"brz-css-673ks6 brz-css-fom6ac brz-wrapper\">\n<div class=\"brz-menu__container brz-css-dmokct brz-css-jpm2s9\" data-mmenu-id=\"#gcj6jM9QzJGj_\" data-mmenu-position=\"position-left\" data-mmenu-title=\"Menu\" data-mmenu-stickytitle=\"on\" data-mmenu-closingicon=\"%7B%22desktop%22%3A%22off%22%2C%22tablet%22%3A%22off%22%2C%22mobile%22%3A%22off%22%7D\" data-brz-custom-id=\"gcj6jM9QzJGj\">\n<nav data-mods=\"%7B%22desktop%22%3A%22horizontal%22%2C%22tablet%22%3A%22horizontal%22%2C%22mobile%22%3A%22horizontal%22%7D\" class=\"brz-menu brz-menu__preview brz-css-x15kef brz-css-g6968z\">\n<ul class=\"brz-menu__ul\" data-menu-items-active=\"\">\n<li data-menu-item-id=\"\" class=\"brz-menu__item\"><a class=\"brz-a\" target=\"\" href=\"\" title=\"\"><span class=\"brz-span\"><\/span><\/a>\n<ul class=\"brz-menu__sub-menu\"><\/ul>\n<\/li>\n<\/ul>\n<\/nav>\n<div class=\"brz-mm-menu__icon\"><\/div>\n<nav data-mods=\"%7B%22desktop%22%3A%22horizontal%22%2C%22tablet%22%3A%22horizontal%22%2C%22mobile%22%3A%22horizontal%22%7D\" id=\"gcj6jM9QzJGj_\" class=\"brz-menu brz-menu__preview brz-menu__mmenu brz-menu--has-dropdown brz-css-mjb3pn brz-css-1yx31ul\">\n<ul class=\"brz-menu__ul\" data-menu-items-active=\"\">\n<li data-menu-item-id=\"\" class=\"brz-menu__item\"><a class=\"brz-a\" target=\"\" href=\"\" title=\"\"><span class=\"brz-span\"><\/span><\/a>\n<ul class=\"brz-menu__sub-menu\"><\/ul>\n<\/li>\n<\/ul>\n<\/nav>\n<\/div>\n<\/div>\n<\/div>\n<\/div>\n<div class=\"brz-columns brz-css-vuoxo4 brz-css-13qvcd7\" data-brz-custom-id=\"gbwHIqauO3zf\">\n<div class=\"brz-bg\"><\/div>\n<div class=\"brz-column__items brz-css-1khlkrz brz-css-b3gsyj\">\n<div class=\"brz-wrapper-clone brz-css-5c9vvs brz-css-1kgtsep\">\n<div class=\"brz-d-xs-flex brz-flex-xs-wrap brz-css-1363js4 brz-css-mfjm3k\" data-brz-custom-id=\"\">\n<div class=\"brz-wrapper-clone__item\" id=\"bM2HOCsG6HwB\"><a class=\"brz-a brz-btn brz-css-16vsjic brz-css-12vr3dk brz-css-1bkva1c brz-css-1akc4q\" href=\"https:\/\/www.ouiscribe.com\/en\/contact\/\" target=\"_self\" rel=\"noopener\" data-brz-link-type=\"external\" data-brz-custom-id=\"bM2HOCsG6HwB\"><span data-brz-translate-text=\"1\" class=\"brz-span brz-text__editor\">A project ?&nbsp;&nbsp;<\/span><\/a><\/div>\n<\/div>\n<\/div>\n<\/div>\n<\/div>\n<\/div>\n<\/div>\n<\/div>\n<\/div>\n<\/section>\n<section id=\"_adNEWewasD83\" class=\"brz-section brz-css-vgv64r brz-css-1j0bg1g\">\n<div class=\"brz-section__content brz-section--boxed brz-css-16jndzl brz-css-k9j0vs\" data-brz-custom-id=\"f9sWEiesus3g\">\n<div class=\"brz-bg\">\n<div class=\"brz-bg-color\"><\/div>\n<\/div>\n<div class=\"brz-container brz-css-1l5fp75\">\n<div id=\"\" class=\"brz-css-673ks6 brz-css-1mkcwaa brz-wrapper\">\n<div class=\"brz-rich-text brz-rich-text__custom brz-css-1jizgg6\" data-brz-custom-id=\"ueXm5sSKieiA\">\n<div data-brz-translate-text=\"1\">\n<h2 class=\"brz-ls-xs-m_0_1 brz-fw-xs-400 brz-fss-xs-px brz-fs-xs-30 brz-tp-xs-empty brz-fsft-xs-0 brz-fwdth-xs-100 brz-vfw-xs-400 brz-lh-xs-1_2 brz-mt-lg-28 brz-text-lg-center brz-mt-xs-0 brz-fss-lg-px brz-fw-lg-400 brz-ls-lg-m_1 brz-lh-lg-1_2 brz-vfw-lg-400 brz-fwdth-lg-100 brz-fsft-lg-0 brz-tp-lg-empty brz-ff-palanquin_dark brz-ft-google brz-fs-lg-55 brz-css-yfO2c\" data-uniq-id=\"niDOw\" data-generated-css=\"brz-css-aHDS3\"><span class=\"brz-cp-color2\">Plan de site <\/span><\/h2>\n<\/div>\n<\/div>\n<\/div>\n<\/div>\n<\/div>\n<\/section>\n<footer id=\"_iilCrWIfn1g7\" class=\"brz-footer brz-css-1u9xmyc brz-css-ev8x9c\" data-brz-custom-id=\"iilCrWIfn1g7\">\n<div class=\"brz-bg\"><\/div>\n<div class=\"brz-container brz-css-5gwaap\">\n<div id=\"\" class=\"brz-css-673ks6 brz-wrapper\">\n<div class=\"brz-wp-shortcode brz-css-1fpvhg5\" data-brz-custom-id=\"tmKdNwQi7wGn\">\n<div><div class=\"rank-math-html-sitemap\"><div class=\"rank-math-html-sitemap__section rank-math-html-sitemap__section--post-type rank-math-html-sitemap__section--post\"><h2 class=\"rank-math-html-sitemap__title\">Posts<\/h2><ul class=\"rank-math-html-sitemap__list\"><li class=\"rank-math-html-sitemap__item\"><a href=\"https:\/\/www.ouiscribe.com\/en\/indexation-site-web\/\" class=\"rank-math-html-sitemap__link\">Indexation site web : comment v\u00e9rifier et optimiser votre visibilit\u00e9 sur Google ?<\/a><\/li><li class=\"rank-math-html-sitemap__item\"><a href=\"https:\/\/www.ouiscribe.com\/en\/plan-redirection-seo\/\" class=\"rank-math-html-sitemap__link\">Plan de redirection SEO : mode d&#8217;emploi et conseils<\/a><\/li><li class=\"rank-math-html-sitemap__item\"><a href=\"https:\/\/www.ouiscribe.com\/en\/comment-trouver-le-sitemap-dun-site\/\" class=\"rank-math-html-sitemap__link\">Comment trouver le sitemap d\u2019un site web facilement ?<\/a><\/li><li class=\"rank-math-html-sitemap__item\"><a href=\"https:\/\/www.ouiscribe.com\/en\/ajouter-son-site-a-google-search-console\/\" class=\"rank-math-html-sitemap__link\">How to add your site to Google Search Console? Tutorial<\/a><\/li><li class=\"rank-math-html-sitemap__item\"><a href=\"https:\/\/www.ouiscribe.com\/en\/ajouter-son-site-sur-bing-webmaster-tools\/\" class=\"rank-math-html-sitemap__link\">How do I add my site to Bing Webmaster Tools? Tutorial<\/a><\/li><li class=\"rank-math-html-sitemap__item\"><a href=\"https:\/\/www.ouiscribe.com\/en\/commentaires-html-seo\/\" class=\"rank-math-html-sitemap__link\">Commentaires HTML et SEO : tout ce qu\u2019il faut savoir<\/a><\/li><li class=\"rank-math-html-sitemap__item\"><a href=\"https:\/\/www.ouiscribe.com\/en\/moteurs-de-recherche-eco-responsables\/\" class=\"rank-math-html-sitemap__link\">Moteurs de recherche \u00e9co-responsables \u00e0 conna\u00eetre en 2025<\/a><\/li><li class=\"rank-math-html-sitemap__item\"><a href=\"https:\/\/www.ouiscribe.com\/en\/faq-seo\/\" class=\"rank-math-html-sitemap__link\">Faut-il ajouter une FAQ SEO dans son site web en 2025 ?<\/a><\/li><li class=\"rank-math-html-sitemap__item\"><a href=\"https:\/\/www.ouiscribe.com\/en\/listes-a-puces\/\" class=\"rank-math-html-sitemap__link\">Bulleted lists: highlight your content<\/a><\/li><li class=\"rank-math-html-sitemap__item\"><a href=\"https:\/\/www.ouiscribe.com\/en\/seo-sur-twitter\/\" class=\"rank-math-html-sitemap__link\">SEO on Twitter: 8 tips to optimize your SEO<\/a><\/li><li class=\"rank-math-html-sitemap__item\"><a href=\"https:\/\/www.ouiscribe.com\/en\/yandex-cest-quoi\/\" class=\"rank-math-html-sitemap__link\">What is Yandex and how do you index your site on it?<\/a><\/li><li class=\"rank-math-html-sitemap__item\"><a href=\"https:\/\/www.ouiscribe.com\/en\/ecriture-inclusive\/\" class=\"rank-math-html-sitemap__link\">\u00c9criture Inclusive : c\u2019est quoi, pourquoi et comment l\u2019utiliser<\/a><\/li><li class=\"rank-math-html-sitemap__item\"><a href=\"https:\/\/www.ouiscribe.com\/en\/balises-html\/\" class=\"rank-math-html-sitemap__link\">Balises HTML SEO : les indispensables pour booster votre visibilit\u00e9<\/a><\/li><li class=\"rank-math-html-sitemap__item\"><a href=\"https:\/\/www.ouiscribe.com\/en\/requete-cible-seo\/\" class=\"rank-math-html-sitemap__link\">Requ\u00eate cible SEO : son r\u00f4le et comment la choisir<\/a><\/li><\/ul><\/div><div class=\"rank-math-html-sitemap__section rank-math-html-sitemap__section--post-type rank-math-html-sitemap__section--page\"><h2 class=\"rank-math-html-sitemap__title\">Pages<\/h2><ul class=\"rank-math-html-sitemap__list\"><li class=\"rank-math-html-sitemap__item\"><a href=\"https:\/\/www.ouiscribe.com\/en\/consultant-aeo\/\" class=\"rank-math-html-sitemap__link\">Consultant AEO : optimisation pour les moteurs de r\u00e9ponse<\/a><\/li><li class=\"rank-math-html-sitemap__item\"><a href=\"https:\/\/www.ouiscribe.com\/en\/consultant-google-ads\/\" class=\"rank-math-html-sitemap__link\">Consultant Google Ads : augmentez l\u2019impact de vos annonces<\/a><\/li><li class=\"rank-math-html-sitemap__item\"><a href=\"https:\/\/www.ouiscribe.com\/en\/consultant-seo-local\/\" class=\"rank-math-html-sitemap__link\">Local SEO Consultant | Local SEO<\/a><\/li><li class=\"rank-math-html-sitemap__item\"><a href=\"https:\/\/www.ouiscribe.com\/en\/agence-pinterest\/\" class=\"rank-math-html-sitemap__link\">Agence Pinterest \u00e0 Paris : vos \u00e9pingles, notre expertise<\/a><\/li><li class=\"rank-math-html-sitemap__item\"><a href=\"https:\/\/www.ouiscribe.com\/en\/consultation-seo\/\" class=\"rank-math-html-sitemap__link\">SEO Express Consultation | 1h30 session<\/a><\/li><li class=\"rank-math-html-sitemap__item\"><a href=\"https:\/\/www.ouiscribe.com\/en\/consultant-seo-paris\/\" class=\"rank-math-html-sitemap__link\">Consultant SEO Paris : trafic cibl\u00e9, SEO rentable<\/a><\/li><li class=\"rank-math-html-sitemap__item\"><a href=\"https:\/\/www.ouiscribe.com\/en\/consultant-referencement-bing\/\" class=\"rank-math-html-sitemap__link\">Bing SEO consultant (SEO)<\/a><\/li><li class=\"rank-math-html-sitemap__item\"><a href=\"https:\/\/www.ouiscribe.com\/en\/a-propos-de-lauteur-melanie-robin\/\" class=\"rank-math-html-sitemap__link\">About the author: M\u00e9lanie Robin<\/a><\/li><li class=\"rank-math-html-sitemap__item\"><a href=\"https:\/\/www.ouiscribe.com\/en\/accompagnement-seo\/\" class=\"rank-math-html-sitemap__link\">Accompagnement SEO sur mesure boostez votre visibilit\u00e9<\/a><\/li><li class=\"rank-math-html-sitemap__item\"><a href=\"https:\/\/www.ouiscribe.com\/en\/agence-copywriting\/\" class=\"rank-math-html-sitemap__link\">Agence Copywriting \u00e0 Paris : le pouvoir des mots<\/a><\/li><li class=\"rank-math-html-sitemap__item\"><a href=\"https:\/\/www.ouiscribe.com\/en\/partenaires\/\" class=\"rank-math-html-sitemap__link\">Partenaires : unis pour atteindre vos objectifs<\/a><\/li><li class=\"rank-math-html-sitemap__item\"><a href=\"https:\/\/www.ouiscribe.com\/en\/prestation-strategie-de-contenu\/\" class=\"rank-math-html-sitemap__link\">Prestation strat\u00e9gie de contenu : engagez votre audience<\/a><\/li><li class=\"rank-math-html-sitemap__item\"><a href=\"https:\/\/www.ouiscribe.com\/en\/audit-referencement-naturel\/\" class=\"rank-math-html-sitemap__link\">Audit r\u00e9f\u00e9rencement naturel SEO : boostez vos r\u00e9sultats<\/a><\/li><li class=\"rank-math-html-sitemap__item\"><a href=\"https:\/\/www.ouiscribe.com\/en\/politique-de-cookies-ue\/\" class=\"rank-math-html-sitemap__link\">Cookies policy (EU)<\/a><\/li><li class=\"rank-math-html-sitemap__item\"><a href=\"https:\/\/www.ouiscribe.com\/en\/contact\/\" class=\"rank-math-html-sitemap__link\">Contact Ouiscribe<\/a><\/li><li class=\"rank-math-html-sitemap__item\"><a href=\"https:\/\/www.ouiscribe.com\/en\/blog\/\" class=\"rank-math-html-sitemap__link\">Blog Marketing digital : la Scriboth\u00e8que<\/a><\/li><li class=\"rank-math-html-sitemap__item\"><a href=\"https:\/\/www.ouiscribe.com\/en\/ouiscribe\/\" class=\"rank-math-html-sitemap__link\">Ouiscribe : votre partenaire en visibilit\u00e9 digitale<\/a><\/li><li class=\"rank-math-html-sitemap__item\"><a href=\"https:\/\/www.ouiscribe.com\/en\/\" class=\"rank-math-html-sitemap__link\">Services SEO \u00e0 Paris : approche holistique pour votre visibilit\u00e9<\/a><\/li><\/ul><\/div><div class=\"rank-math-html-sitemap__section rank-math-html-sitemap__section--taxonomy rank-math-html-sitemap__section--category\"><h2 class=\"rank-math-html-sitemap__title\">Categories<\/h2><ul class=\"rank-math-html-sitemap__list\"><li class=\"rank-math-html-sitemap__item\"><a href=\"https:\/\/www.ouiscribe.com\/en\/category\/entreprise\/\" class=\"rank-math-html-sitemap__link\">Business<\/a><\/li><li class=\"rank-math-html-sitemap__item\"><a href=\"https:\/\/www.ouiscribe.com\/en\/category\/redaction-web\/\" class=\"rank-math-html-sitemap__link\">Web writing<\/a><\/li><li class=\"rank-math-html-sitemap__item\"><a href=\"https:\/\/www.ouiscribe.com\/en\/category\/referencement-seo\/\" class=\"rank-math-html-sitemap__link\">SEO referencing<\/a><\/li><li class=\"rank-math-html-sitemap__item\"><a href=\"https:\/\/www.ouiscribe.com\/en\/category\/reseaux-sociaux\/\" class=\"rank-math-html-sitemap__link\">Social networks<\/a><\/li><li class=\"rank-math-html-sitemap__item\"><a href=\"https:\/\/www.ouiscribe.com\/en\/category\/webmarketing\/\" class=\"rank-math-html-sitemap__link\">Web marketing<\/a><\/li><\/ul><\/div><\/div>\n<\/div>\n<\/div>\n<\/div>\n<div id=\"\" class=\"brz-css-673ks6 brz-wrapper\">\n<div class=\"brz-menu__container brz-css-dmokct\" data-mmenu-id=\"#tXwIp0KmVBsA_\" data-mmenu-position=\"position-left\" data-mmenu-title=\"Menu\" data-mmenu-stickytitle=\"off\" data-mmenu-closingicon=\"%7B%22desktop%22%3A%22off%22%2C%22tablet%22%3A%22off%22%2C%22mobile%22%3A%22off%22%7D\" data-brz-custom-id=\"tXwIp0KmVBsA\">\n<nav data-mods=\"%7B%22desktop%22%3A%22horizontal%22%2C%22tablet%22%3A%22horizontal%22%2C%22mobile%22%3A%22horizontal%22%7D\" class=\"brz-menu brz-menu__preview brz-css-x15kef brz-css-1bbmttx\">\n<ul class=\"brz-menu__ul\" data-menu-items-active=\"\">\n<li data-menu-item-id=\"\" class=\"brz-menu__item\"><a class=\"brz-a\" target=\"\" href=\"\" title=\"\"><span class=\"brz-span\"><\/span><\/a>\n<ul class=\"brz-menu__sub-menu\"><\/ul>\n<\/li>\n<\/ul>\n<\/nav>\n<div class=\"brz-mm-menu__icon\"><\/div>\n<nav data-mods=\"%7B%22desktop%22%3A%22horizontal%22%2C%22tablet%22%3A%22horizontal%22%2C%22mobile%22%3A%22horizontal%22%7D\" id=\"tXwIp0KmVBsA_\" class=\"brz-menu brz-menu__preview brz-menu__mmenu brz-menu--has-dropdown brz-css-mjb3pn\">\n<ul class=\"brz-menu__ul\" data-menu-items-active=\"\">\n<li data-menu-item-id=\"\" class=\"brz-menu__item\"><a class=\"brz-a\" target=\"\" href=\"\" title=\"\"><span class=\"brz-span\"><\/span><\/a>\n<ul class=\"brz-menu__sub-menu\"><\/ul>\n<\/li>\n<\/ul>\n<\/nav>\n<\/div>\n<\/div>\n<div class=\"brz-row__container brz-css-1gvfqvx\" data-brz-custom-id=\"nSji58pWzk9d\">\n<div class=\"brz-bg\"><\/div>\n<div class=\"brz-row brz-css-156c7fp brz-css-chw6fg\">\n<div class=\"brz-columns brz-css-vuoxo4 brz-css-m09y52\" data-brz-custom-id=\"xK61qvKxPpGS\">\n<div class=\"brz-bg\"><\/div>\n<div class=\"brz-column__items brz-css-1khlkrz brz-css-rcjh82\">\n<div id=\"\" class=\"brz-css-673ks6 brz-css-j6oytg brz-wrapper\">\n<div class=\"brz-spacer brz-css-1ouqdbj brz-css-1hgqi6w\"><\/div>\n<\/div>\n<\/div>\n<\/div>\n<\/div>\n<\/div>\n<div class=\"brz-row__container brz-css-1gvfqvx\" data-brz-custom-id=\"ae5R4ZotByGM\">\n<div class=\"brz-bg\"><\/div>\n<div class=\"brz-row brz-css-156c7fp brz-css-1tb572j\">\n<div class=\"brz-columns brz-css-vuoxo4 brz-css-ptex3i\" data-brz-custom-id=\"a9aRRN55ZLJb\">\n<div class=\"brz-bg\"><\/div>\n<div class=\"brz-column__items brz-css-1khlkrz brz-css-b1x6em\">\n<div class=\"brz-wrapper-clone brz-css-5c9vvs\">\n<div class=\"brz-d-xs-flex brz-flex-xs-wrap brz-css-1363js4 brz-css-i5751h\" data-brz-custom-id=\"\">\n<div class=\"brz-wrapper-clone__item\" id=\"rloC7EnS9RGK\">\n<div class=\"brz-icon__container\" data-brz-custom-id=\"rloC7EnS9RGK\"><a class=\"brz-a\" href=\"https:\/\/www.instagram.com\/ouiscribe_\/\" target=\"_self\" rel=\"noopener\" data-brz-link-type=\"external\"><span class=\"brz-icon brz-span brz-css-nm2y4b brz-css-1nzfb6m\"><\/span><\/a><\/div>\n<\/div>\n<div class=\"brz-wrapper-clone__item\" id=\"rV_Auq_846tK\">\n<div class=\"brz-icon__container\" data-brz-custom-id=\"rV_Auq_846tK\"><a class=\"brz-a\" href=\"https:\/\/www.linkedin.com\/in\/m%C3%A9lanie-robin\/\" target=\"_self\" rel=\"noopener\" data-brz-link-type=\"external\"><span class=\"brz-icon brz-span brz-css-nm2y4b brz-css-13nkd1k\"><\/span><\/a><\/div>\n<\/div>\n<div class=\"brz-wrapper-clone__item\" id=\"aDH1eoMI8nZ4\">\n<div class=\"brz-icon__container\" data-brz-custom-id=\"aDH1eoMI8nZ4\"><a class=\"brz-a\" href=\"https:\/\/www.pinterest.fr\/Ouiscribe\/\" target=\"_self\" rel=\"noopener\" data-brz-link-type=\"external\"><span class=\"brz-icon brz-span brz-css-nm2y4b brz-css-1lakf8z\"><\/span><\/a><\/div>\n<\/div>\n<div class=\"brz-wrapper-clone__item\" id=\"onKyHpNtq2s0\">\n<div class=\"brz-icon__container\" data-brz-custom-id=\"onKyHpNtq2s0\"><a class=\"brz-a\" href=\"https:\/\/twitter.com\/ouiscribe\" target=\"_self\" rel=\"noopener\" data-brz-link-type=\"external\"><span class=\"brz-icon brz-span brz-css-nm2y4b brz-css-18y7ke6\"><\/span><\/a><\/div>\n<\/div>\n<\/div>\n<\/div>\n<\/div>\n<\/div>\n<\/div>\n<\/div>\n<div class=\"brz-row__container brz-css-1gvfqvx\" data-brz-custom-id=\"i7vrumeVm4kx\">\n<div class=\"brz-bg\"><\/div>\n<div class=\"brz-row brz-css-156c7fp brz-css-1tb572j\">\n<div class=\"brz-columns brz-css-vuoxo4 brz-css-1pis6r8\" data-brz-custom-id=\"nlHBVvBWp5m9\">\n<div class=\"brz-bg\"><\/div>\n<div class=\"brz-column__items brz-css-1khlkrz brz-css-ctbhux\">\n<div id=\"\" class=\"brz-css-673ks6 brz-css-6zkvyx brz-wrapper\">\n<div class=\"brz-rich-text brz-rich-text__custom brz-css-1jizgg6\" data-brz-custom-id=\"c9izCRTaZS4_\">\n<div data-brz-translate-text=\"1\">\n<p class=\"brz-tp-lg-paragraph brz-text-lg-center brz-fw-sm-300 brz-lh-xs-1_7 brz-fw-xs-300 brz-text-xs-center brz-lh-sm-1_7 brz-fs-xs-14 brz-fs-sm-13 brz-text-sm-center brz-mb-lg-24 brz-css-yFov1\" data-generated-css=\"brz-css-uAQPh\" data-uniq-id=\"smO4A\"><span style=\"opacity: 1\">\u00a9 <\/span><span>Ouiscribe. All rights reserved<\/span><span style=\"opacity: 1\"> <\/span><\/p>\n<p class=\"brz-tp-lg-paragraph brz-text-lg-center brz-fw-sm-300 brz-lh-xs-1_7 brz-fw-xs-300 brz-text-xs-center brz-lh-sm-1_7 brz-fs-xs-14 brz-fs-sm-13 brz-text-sm-center brz-css-hDYs5\" data-generated-css=\"brz-css-vJHOr\" data-uniq-id=\"lG7Yt\"><a class=\"link--external\" style=\"opacity: 1\" href=\"https:\/\/www.ouiscribe.com\/en\/\" data-brz-link-type=\"external\">SEO Services<\/a><\/p>\n<\/div>\n<\/div>\n<\/div>\n<\/div>\n<\/div>\n<\/div>\n<\/div>\n<\/div>\n<\/footer>\n<\/div>\n<p>    <!-- version:1738177852 --><\/p>","protected":false},"excerpt":{"rendered":"<p>Un projet ?&nbsp;&nbsp; Plan de site \u00a9 Ouiscribe.&nbsp;Tous droits r\u00e9serv\u00e9s Services SEO<\/p>","protected":false},"author":1,"featured_media":0,"parent":0,"menu_order":0,"comment_status":"closed","ping_status":"closed","template":"brizy-blank-template.php","meta":{"om_disable_all_campaigns":false,"inline_featured_image":false,"footnotes":""},"class_list":["post-315009","page","type-page","status-publish","hentry"],"_links":{"self":[{"href":"https:\/\/www.ouiscribe.com\/en\/wp-json\/wp\/v2\/pages\/315009","targetHints":{"allow":["GET"]}}],"collection":[{"href":"https:\/\/www.ouiscribe.com\/en\/wp-json\/wp\/v2\/pages"}],"about":[{"href":"https:\/\/www.ouiscribe.com\/en\/wp-json\/wp\/v2\/types\/page"}],"author":[{"embeddable":true,"href":"https:\/\/www.ouiscribe.com\/en\/wp-json\/wp\/v2\/users\/1"}],"replies":[{"embeddable":true,"href":"https:\/\/www.ouiscribe.com\/en\/wp-json\/wp\/v2\/comments?post=315009"}],"version-history":[{"count":0,"href":"https:\/\/www.ouiscribe.com\/en\/wp-json\/wp\/v2\/pages\/315009\/revisions"}],"wp:attachment":[{"href":"https:\/\/www.ouiscribe.com\/en\/wp-json\/wp\/v2\/media?parent=315009"}],"curies":[{"name":"wp","href":"https:\/\/api.w.org\/{rel}","templated":true}]}}